{"id":9,"date":"2026-03-27T17:58:20","date_gmt":"2026-03-27T17:58:20","guid":{"rendered":"https:\/\/deocio.com.ar\/?page_id=9"},"modified":"2026-05-11T14:34:19","modified_gmt":"2026-05-11T14:34:19","slug":"inicio","status":"publish","type":"page","link":"https:\/\/deocio.com.ar\/","title":{"rendered":"Inicio"},"content":{"rendered":"<div class=\"et_pb_section_0 et_pb_section et_section_regular et_flex_section\">\n<div class=\"et_pb_row_0 et_pb_row et_block_row\">\n<div class=\"et_pb_column_0 et_pb_column et_pb_column_4_4 et-last-child et_block_column et_pb_css_mix_blend_mode_passthrough\">\n<div class=\"et_pb_text_0 et_pb_text et_pb_bg_layout_light et_pb_module et_block_module\"><div class=\"et_pb_text_inner\"><h2>Elegir \u00ab<em>bien\u00bb<\/em> tambi\u00e9n es un plan.<\/h2>\n<\/div><\/div>\n\n<div class=\"et_pb_text_1 et_pb_text et_pb_bg_layout_light et_pb_module et_block_module\"><div class=\"et_pb_text_inner\"><p>Elegir bien<\/p>\n<\/div><\/div>\n<\/div>\n<\/div>\n<\/div>\n\n<div class=\"et_pb_section_1 et_pb_section et_section_regular et_flex_section\">\n<div class=\"et_pb_row_1 et_pb_row et_flex_row\">\n<div class=\"et_pb_column_1 et_pb_column et-last-child et_flex_column et_pb_css_mix_blend_mode_passthrough et_flex_column_24_24 et_flex_column_24_24_tablet et_flex_column_24_24_phone\">\n<div class=\"et_pb_blog_0 et_pb_blog et_pb_bg_layout_light et_pb_text_align_justified et_pb_posts et_pb_module\"><div class=\"et_pb_ajax_pagination_container\"><div class=\"et_pb_posts et_grid_module\"><article class=\"et_pb_post et_pb_post_id_463 clearfix et_pb_blog_item_0_0 post-463 post type-post status-publish format-standard has-post-thumbnail hentry category-el-ojo-curioso\"><div class=\"et_pb_image_container\"><a href=\"https:\/\/deocio.com.ar\/index.php\/2026\/05\/12\/como-viaja-hoy-la-generacion-silver-segun-booking\/\" class=\"entry-featured-image-url\"><img loading=\"lazy\" decoding=\"async\" src=\"https:\/\/deocio.com.ar\/wp-content\/uploads\/2026\/05\/ChatGPT-Image-12-may-2026-05_11_06-p.m.png\" width=\"400\" height=\"284\" alt=\"C\u00f3mo viaja hoy la \u00abGeneraci\u00f3n Silver\u00bb seg\u00fan Booking\" class=\"\" srcset=\"https:\/\/deocio.com.ar\/wp-content\/uploads\/2026\/05\/ChatGPT-Image-12-may-2026-05_11_06-p.m.png 479w, https:\/\/deocio.com.ar\/wp-content\/uploads\/2026\/05\/ChatGPT-Image-12-may-2026-05_11_06-p.m-400x284.png 480w\" sizes=\"(max-width:479px) 479px, 100vw\" \/><span data-icon=\"\ue050\" class=\"et_overlay et_pb_inline_icon\"><\/span><\/a><\/div><h2 class=\"entry-title\"><a href=\"https:\/\/deocio.com.ar\/index.php\/2026\/05\/12\/como-viaja-hoy-la-generacion-silver-segun-booking\/\">C\u00f3mo viaja hoy la \u00abGeneraci\u00f3n Silver\u00bb seg\u00fan Booking<\/a><\/h2><p class=\"post-meta\"><span class=\"published\">May 12, 2026<\/span> | <span class=\"entry-categories\"><a href=\"https:\/\/deocio.com.ar\/index.php\/category\/el-ojo-curioso\/\" rel=\"tag\">El Ojo Curioso<\/a><\/span><\/p><div class=\"post-content\"><div class=\"post-content-inner\"><p>Viajan m\u00e1s, buscan experiencias aut\u00e9nticas, comparan precios, usan redes sociales para inspirarse y hasta recurren a la inteligencia artificial para&#8230;<\/p>\n<\/div><\/div><\/article><article class=\"et_pb_post et_pb_post_id_457 clearfix et_pb_blog_item_0_1 post-457 post type-post status-publish format-standard has-post-thumbnail hentry category-arte\"><div class=\"et_pb_image_container\"><a href=\"https:\/\/deocio.com.ar\/index.php\/2026\/05\/11\/invasiones-i-cuando-charly-garcia-demostro-por-que-forma-parte-d-ella-historia-argentina\/\" class=\"entry-featured-image-url\"><img loading=\"lazy\" decoding=\"async\" src=\"https:\/\/deocio.com.ar\/wp-content\/uploads\/2026\/05\/teatro2.jpg\" width=\"400\" height=\"284\" alt=\"\u00abInvasiones I: No bombardeen Buenos Aires\u00bb, Elena Roger y Charly Garc\u00eda en una Opera Rock monumental\" class=\"\" srcset=\"https:\/\/deocio.com.ar\/wp-content\/uploads\/2026\/05\/teatro2.jpg 479w, https:\/\/deocio.com.ar\/wp-content\/uploads\/2026\/05\/teatro2-400x284.jpg 480w\" sizes=\"(max-width:479px) 479px, 100vw\" \/><span data-icon=\"\ue050\" class=\"et_overlay et_pb_inline_icon\"><\/span><\/a><\/div><h2 class=\"entry-title\"><a href=\"https:\/\/deocio.com.ar\/index.php\/2026\/05\/11\/invasiones-i-cuando-charly-garcia-demostro-por-que-forma-parte-d-ella-historia-argentina\/\">\u00abInvasiones I: No bombardeen Buenos Aires\u00bb, Elena Roger y Charly Garc\u00eda en una Opera Rock monumental<\/a><\/h2><p class=\"post-meta\"><span class=\"published\">May 11, 2026<\/span> | <span class=\"entry-categories\"><a href=\"https:\/\/deocio.com.ar\/index.php\/category\/arte\/\" rel=\"tag\">Arte<\/a><\/span><\/p><div class=\"post-content\"><div class=\"post-content-inner\"><p>\u201cInvasiones I: No bombardeen Buenos Aires\u201d,&nbsp;&nbsp;la Opera rock basada en la discograf\u00eda de Charly Garc\u00eda, y protagonizada por Elena Roger, es&#8230;<\/p>\n<\/div><\/div><\/article><article class=\"et_pb_post et_pb_post_id_390 clearfix et_pb_blog_item_0_2 post-390 post type-post status-publish format-standard has-post-thumbnail hentry category-el-ojo-curioso\"><div class=\"et_pb_image_container\"><a href=\"https:\/\/deocio.com.ar\/index.php\/2026\/05\/05\/el-poder-invisible-del-color-como-las-marcas-disenan-nuestras-decisiones-sin-que-lo-notemos\/\" class=\"entry-featured-image-url\"><img loading=\"lazy\" decoding=\"async\" src=\"https:\/\/deocio.com.ar\/wp-content\/uploads\/2026\/05\/ChatGPT-Image-4-may-2026-11_56_48-p.m.png\" width=\"400\" height=\"284\" alt=\"El poder invisible del color: c\u00f3mo las marcas dise\u00f1an nuestras decisiones sin que lo notemos\" class=\"\" srcset=\"https:\/\/deocio.com.ar\/wp-content\/uploads\/2026\/05\/ChatGPT-Image-4-may-2026-11_56_48-p.m.png 479w, https:\/\/deocio.com.ar\/wp-content\/uploads\/2026\/05\/ChatGPT-Image-4-may-2026-11_56_48-p.m-400x284.png 480w\" sizes=\"(max-width:479px) 479px, 100vw\" \/><span data-icon=\"\ue050\" class=\"et_overlay et_pb_inline_icon\"><\/span><\/a><\/div><h2 class=\"entry-title\"><a href=\"https:\/\/deocio.com.ar\/index.php\/2026\/05\/05\/el-poder-invisible-del-color-como-las-marcas-disenan-nuestras-decisiones-sin-que-lo-notemos\/\">El poder invisible del color: c\u00f3mo las marcas dise\u00f1an nuestras decisiones sin que lo notemos<\/a><\/h2><p class=\"post-meta\"><span class=\"published\">May 5, 2026<\/span> | <span class=\"entry-categories\"><a href=\"https:\/\/deocio.com.ar\/index.php\/category\/el-ojo-curioso\/\" rel=\"tag\">El Ojo Curioso<\/a><\/span><\/p><div class=\"post-content\"><div class=\"post-content-inner\"><p>En un mundo saturado de est\u00edmulos, donde cada producto compite por milisegundos de atenci\u00f3n, el color dej\u00f3 de ser un detalle est\u00e9tico para&#8230;<\/p>\n<\/div><\/div><\/article><article class=\"et_pb_post et_pb_post_id_382 clearfix et_pb_blog_item_0_3 post-382 post type-post status-publish format-standard has-post-thumbnail hentry category-libros\"><div class=\"et_pb_image_container\"><a href=\"https:\/\/deocio.com.ar\/index.php\/2026\/04\/29\/cayetanael-personaje-que-espana-necesitaba-tener\/\" class=\"entry-featured-image-url\"><img loading=\"lazy\" decoding=\"async\" src=\"https:\/\/deocio.com.ar\/wp-content\/uploads\/2026\/04\/cayetana-1.png\" width=\"400\" height=\"284\" alt=\"Cayetana,el personaje que Espa\u00f1a necesitaba tener\" class=\"\" srcset=\"https:\/\/deocio.com.ar\/wp-content\/uploads\/2026\/04\/cayetana-1.png 479w, https:\/\/deocio.com.ar\/wp-content\/uploads\/2026\/04\/cayetana-1-400x284.png 480w\" sizes=\"(max-width:479px) 479px, 100vw\" \/><span data-icon=\"\ue050\" class=\"et_overlay et_pb_inline_icon\"><\/span><\/a><\/div><h2 class=\"entry-title\"><a href=\"https:\/\/deocio.com.ar\/index.php\/2026\/04\/29\/cayetanael-personaje-que-espana-necesitaba-tener\/\">Cayetana,el personaje que Espa\u00f1a necesitaba tener<\/a><\/h2><p class=\"post-meta\"><span class=\"published\">Abr 29, 2026<\/span> | <span class=\"entry-categories\"><a href=\"https:\/\/deocio.com.ar\/index.php\/category\/libros\/\" rel=\"tag\">Libros<\/a><\/span><\/p><div class=\"post-content\"><div class=\"post-content-inner\"><p>La noche que naci\u00f3 Cayetana Fitz-James Stuart, el 28 de marzo de 1926 en el Palacio de Liria, Mara\u00f1\u00f3n, Ortega y Gasset y P\u00e9rez de Ayala cenaban en&#8230;<\/p>\n<\/div><\/div><\/article><article class=\"et_pb_post et_pb_post_id_376 clearfix et_pb_blog_item_0_4 post-376 post type-post status-publish format-standard has-post-thumbnail hentry category-experiencias\"><div class=\"et_pb_image_container\"><a href=\"https:\/\/deocio.com.ar\/index.php\/2026\/04\/28\/lo-que-llevamos-cuando-ya-no-hay-un-lugar-fijo\/\" class=\"entry-featured-image-url\"><img loading=\"lazy\" decoding=\"async\" src=\"https:\/\/deocio.com.ar\/wp-content\/uploads\/2026\/04\/luis-vuitton-foto.jpg\" width=\"400\" height=\"284\" alt=\"\u00abLo que llevamos cuando ya no hay un lugar fijo\u00bb\" class=\"\" srcset=\"https:\/\/deocio.com.ar\/wp-content\/uploads\/2026\/04\/luis-vuitton-foto.jpg 479w, https:\/\/deocio.com.ar\/wp-content\/uploads\/2026\/04\/luis-vuitton-foto-400x284.jpg 480w\" sizes=\"(max-width:479px) 479px, 100vw\" \/><span data-icon=\"\ue050\" class=\"et_overlay et_pb_inline_icon\"><\/span><\/a><\/div><h2 class=\"entry-title\"><a href=\"https:\/\/deocio.com.ar\/index.php\/2026\/04\/28\/lo-que-llevamos-cuando-ya-no-hay-un-lugar-fijo\/\">\u00abLo que llevamos cuando ya no hay un lugar fijo\u00bb<\/a><\/h2><p class=\"post-meta\"><span class=\"published\">Abr 28, 2026<\/span> | <span class=\"entry-categories\"><a href=\"https:\/\/deocio.com.ar\/index.php\/category\/experiencias\/\" rel=\"tag\">Experiencias<\/a><\/span><\/p><div class=\"post-content\"><div class=\"post-content-inner\"><p>Hubo un tiempo en que viajar era una pausa. Uno sal\u00eda de su casa, se desplazaba, y despu\u00e9s volv\u00eda. El movimiento era la excepci\u00f3n; la ra\u00edz, lo&#8230;<\/p>\n<\/div><\/div><\/article><article class=\"et_pb_post et_pb_post_id_372 clearfix et_pb_blog_item_0_5 post-372 post type-post status-publish format-standard has-post-thumbnail hentry category-experiencias\"><div class=\"et_pb_image_container\"><a href=\"https:\/\/deocio.com.ar\/index.php\/2026\/04\/24\/perfume-la-eleccion-caprichosa-y-subjetiva\/\" class=\"entry-featured-image-url\"><img loading=\"lazy\" decoding=\"async\" src=\"https:\/\/deocio.com.ar\/wp-content\/uploads\/2026\/04\/yix3tVX0cxYq60dIcW0kp3Ski4qVXSFJp6V98ZqTmG2MSc4D8USydNkc0ScDx2kRfjCMxwfUE9vMBoISWHbp-22JCqIebNgQPGHmw6hVvek9hjt7t4be4fJyJx4-J8gMB-2y0N5yFk15yZnwwSyap6bnt8YeHQyhNBtGXH-WweY.jpeg\" width=\"400\" height=\"284\" alt=\"Perfume: la elecci\u00f3n caprichosa y subjetiva\" class=\"\" srcset=\"https:\/\/deocio.com.ar\/wp-content\/uploads\/2026\/04\/yix3tVX0cxYq60dIcW0kp3Ski4qVXSFJp6V98ZqTmG2MSc4D8USydNkc0ScDx2kRfjCMxwfUE9vMBoISWHbp-22JCqIebNgQPGHmw6hVvek9hjt7t4be4fJyJx4-J8gMB-2y0N5yFk15yZnwwSyap6bnt8YeHQyhNBtGXH-WweY.jpeg 479w, https:\/\/deocio.com.ar\/wp-content\/uploads\/2026\/04\/yix3tVX0cxYq60dIcW0kp3Ski4qVXSFJp6V98ZqTmG2MSc4D8USydNkc0ScDx2kRfjCMxwfUE9vMBoISWHbp-22JCqIebNgQPGHmw6hVvek9hjt7t4be4fJyJx4-J8gMB-2y0N5yFk15yZnwwSyap6bnt8YeHQyhNBtGXH-WweY-400x284.jpeg 480w\" sizes=\"(max-width:479px) 479px, 100vw\" \/><span data-icon=\"\ue050\" class=\"et_overlay et_pb_inline_icon\"><\/span><\/a><\/div><h2 class=\"entry-title\"><a href=\"https:\/\/deocio.com.ar\/index.php\/2026\/04\/24\/perfume-la-eleccion-caprichosa-y-subjetiva\/\">Perfume: la elecci\u00f3n caprichosa y subjetiva<\/a><\/h2><p class=\"post-meta\"><span class=\"published\">Abr 24, 2026<\/span> | <span class=\"entry-categories\"><a href=\"https:\/\/deocio.com.ar\/index.php\/category\/experiencias\/\" rel=\"tag\">Experiencias<\/a><\/span><\/p><div class=\"post-content\"><div class=\"post-content-inner\"><p>En un universo donde elegir perfume es casi tan personal como elegir a qui\u00e9n amar, una perfumer\u00eda de M\u00e9xico \u2014Bellaroma \u2014 decidi\u00f3 hacer lo imposible:&#8230;<\/p>\n<\/div><\/div><\/article><article class=\"et_pb_post et_pb_post_id_363 clearfix et_pb_blog_item_0_6 post-363 post type-post status-publish format-standard has-post-thumbnail hentry category-el-ojo-curioso\"><div class=\"et_pb_image_container\"><a href=\"https:\/\/deocio.com.ar\/index.php\/2026\/04\/23\/la-serie-del-hijo-de-escobar-la-herencia-de-tenerlo-todo-y-no-tener-nada\/\" class=\"entry-featured-image-url\"><img loading=\"lazy\" decoding=\"async\" src=\"https:\/\/deocio.com.ar\/wp-content\/uploads\/2026\/04\/dear-killer.png\" width=\"400\" height=\"284\" alt=\"La serie del hijo de Escobar: la herencia de tenerlo todo y no tener nada\" class=\"\" srcset=\"https:\/\/deocio.com.ar\/wp-content\/uploads\/2026\/04\/dear-killer.png 479w, https:\/\/deocio.com.ar\/wp-content\/uploads\/2026\/04\/dear-killer-400x284.png 480w\" sizes=\"(max-width:479px) 479px, 100vw\" \/><span data-icon=\"\ue050\" class=\"et_overlay et_pb_inline_icon\"><\/span><\/a><\/div><h2 class=\"entry-title\"><a href=\"https:\/\/deocio.com.ar\/index.php\/2026\/04\/23\/la-serie-del-hijo-de-escobar-la-herencia-de-tenerlo-todo-y-no-tener-nada\/\">La serie del hijo de Escobar: la herencia de tenerlo todo y no tener nada<\/a><\/h2><p class=\"post-meta\"><span class=\"published\">Abr 23, 2026<\/span> | <span class=\"entry-categories\"><a href=\"https:\/\/deocio.com.ar\/index.php\/category\/el-ojo-curioso\/\" rel=\"tag\">El Ojo Curioso<\/a><\/span><\/p><div class=\"post-content\"><div class=\"post-content-inner\"><p>Se estren\u00f3 \u201c Dear Killer Nannies: Criado por Sicarios\u201d, que es mucho m\u00e1s que la serie del hijo de Pablo Escobar Gaviria, el mayor narco de Colombia,&#8230;<\/p>\n<\/div><\/div><\/article><article class=\"et_pb_post et_pb_post_id_350 clearfix et_pb_blog_item_0_7 post-350 post type-post status-publish format-standard has-post-thumbnail hentry category-arte\"><div class=\"et_pb_image_container\"><a href=\"https:\/\/deocio.com.ar\/index.php\/2026\/04\/22\/ecos-del-futuro-como-la-ia-recrea-a-cerati-en-vivo\/\" class=\"entry-featured-image-url\"><img loading=\"lazy\" decoding=\"async\" src=\"https:\/\/deocio.com.ar\/wp-content\/uploads\/2026\/04\/ChatGPT-Image-22-abr-2026-01_09_55-a.m.png\" width=\"400\" height=\"284\" alt=\"Ecos del futuro: c\u00f3mo la IA recrea a Cerati en vivo\" class=\"\" srcset=\"https:\/\/deocio.com.ar\/wp-content\/uploads\/2026\/04\/ChatGPT-Image-22-abr-2026-01_09_55-a.m.png 479w, https:\/\/deocio.com.ar\/wp-content\/uploads\/2026\/04\/ChatGPT-Image-22-abr-2026-01_09_55-a.m-400x284.png 480w\" sizes=\"(max-width:479px) 479px, 100vw\" \/><span data-icon=\"\ue050\" class=\"et_overlay et_pb_inline_icon\"><\/span><\/a><\/div><h2 class=\"entry-title\"><a href=\"https:\/\/deocio.com.ar\/index.php\/2026\/04\/22\/ecos-del-futuro-como-la-ia-recrea-a-cerati-en-vivo\/\">Ecos del futuro: c\u00f3mo la IA recrea a Cerati en vivo<\/a><\/h2><p class=\"post-meta\"><span class=\"published\">Abr 22, 2026<\/span> | <span class=\"entry-categories\"><a href=\"https:\/\/deocio.com.ar\/index.php\/category\/arte\/\" rel=\"tag\">Arte<\/a><\/span><\/p><div class=\"post-content\"><div class=\"post-content-inner\"><p>La recreaci\u00f3n de&nbsp;Gustavo Cerati&nbsp;en el show \u201cEcos\u201d de&nbsp;Soda Stereo&nbsp;\u2014tal como se explica en el documental&nbsp;Detr\u00e1s de&#8230;<\/p>\n<\/div><\/div><\/article><article class=\"et_pb_post et_pb_post_id_347 clearfix et_pb_blog_item_0_8 post-347 post type-post status-publish format-standard has-post-thumbnail hentry category-el-ojo-curioso\"><div class=\"et_pb_image_container\"><a href=\"https:\/\/deocio.com.ar\/index.php\/2026\/04\/22\/influencers-en-modo-avion-la-nueva-fantasia-aspiracional\/\" class=\"entry-featured-image-url\"><img loading=\"lazy\" decoding=\"async\" src=\"https:\/\/deocio.com.ar\/wp-content\/uploads\/2026\/04\/unnamed.jpg\" width=\"400\" height=\"284\" alt=\"Influencers en modo avi\u00f3n: la nueva fantas\u00eda aspiracional\" class=\"\" srcset=\"https:\/\/deocio.com.ar\/wp-content\/uploads\/2026\/04\/unnamed.jpg 479w, https:\/\/deocio.com.ar\/wp-content\/uploads\/2026\/04\/unnamed-400x284.jpg 480w\" sizes=\"(max-width:479px) 479px, 100vw\" \/><span data-icon=\"\ue050\" class=\"et_overlay et_pb_inline_icon\"><\/span><\/a><\/div><h2 class=\"entry-title\"><a href=\"https:\/\/deocio.com.ar\/index.php\/2026\/04\/22\/influencers-en-modo-avion-la-nueva-fantasia-aspiracional\/\">Influencers en modo avi\u00f3n: la nueva fantas\u00eda aspiracional<\/a><\/h2><p class=\"post-meta\"><span class=\"published\">Abr 22, 2026<\/span> | <span class=\"entry-categories\"><a href=\"https:\/\/deocio.com.ar\/index.php\/category\/el-ojo-curioso\/\" rel=\"tag\">El Ojo Curioso<\/a><\/span><\/p><div class=\"post-content\"><div class=\"post-content-inner\"><p>Hubo un tiempo en que el lujo era viajar lejos, dormir en s\u00e1banas de mil hilos o no mirar el precio en la carta. Hoy, quiz\u00e1s, el verdadero&#8230;<\/p>\n<\/div><\/div><\/article><article class=\"et_pb_post et_pb_post_id_273 clearfix et_pb_blog_item_0_9 post-273 post type-post status-publish format-standard has-post-thumbnail hentry category-arte\"><div class=\"et_pb_image_container\"><a href=\"https:\/\/deocio.com.ar\/index.php\/2026\/04\/16\/boy-cuando-el-escenario-deja-de-ser-refugio\/\" class=\"entry-featured-image-url\"><img loading=\"lazy\" decoding=\"async\" src=\"https:\/\/deocio.com.ar\/wp-content\/uploads\/2026\/04\/WhatsApp-Image-2026-04-15-at-21.11.19.jpeg\" width=\"400\" height=\"284\" alt=\"\u201cBOY\u201d: cuando el escenario deja de ser refugio\" class=\"\" srcset=\"https:\/\/deocio.com.ar\/wp-content\/uploads\/2026\/04\/WhatsApp-Image-2026-04-15-at-21.11.19.jpeg 479w, https:\/\/deocio.com.ar\/wp-content\/uploads\/2026\/04\/WhatsApp-Image-2026-04-15-at-21.11.19-400x284.jpeg 480w\" sizes=\"(max-width:479px) 479px, 100vw\" \/><span data-icon=\"\ue050\" class=\"et_overlay et_pb_inline_icon\"><\/span><\/a><\/div><h2 class=\"entry-title\"><a href=\"https:\/\/deocio.com.ar\/index.php\/2026\/04\/16\/boy-cuando-el-escenario-deja-de-ser-refugio\/\">\u201cBOY\u201d: cuando el escenario deja de ser refugio<\/a><\/h2><p class=\"post-meta\"><span class=\"published\">Abr 16, 2026<\/span> | <span class=\"entry-categories\"><a href=\"https:\/\/deocio.com.ar\/index.php\/category\/arte\/\" rel=\"tag\">Arte<\/a><\/span><\/p><div class=\"post-content\"><div class=\"post-content-inner\"><p>Hay algo \u00edntimo \u2014y muy genuino\u2014 en&nbsp;\u201cBOY\u201d, el unipersonal de&nbsp;Boy Olmi. No interpela desde el impacto, sino desde una honestidad poco&#8230;<\/p>\n<\/div><\/div><\/article><article class=\"et_pb_post et_pb_post_id_210 clearfix et_pb_blog_item_0_10 post-210 post type-post status-publish format-standard has-post-thumbnail hentry category-libros\"><div class=\"et_pb_image_container\"><a href=\"https:\/\/deocio.com.ar\/index.php\/2026\/04\/14\/claudia-pineiro-y-el-filo-de-lo-invisible-en-la-muerte-ajena\/\" class=\"entry-featured-image-url\"><img loading=\"lazy\" decoding=\"async\" src=\"https:\/\/deocio.com.ar\/wp-content\/uploads\/2026\/04\/muerte-ajena.png\" width=\"400\" height=\"284\" alt=\"Claudia Pi\u00f1eiro y el filo de lo invisible en\u00a0\u00abLa muerte ajena\u00bb\" class=\"\" srcset=\"https:\/\/deocio.com.ar\/wp-content\/uploads\/2026\/04\/muerte-ajena.png 479w, https:\/\/deocio.com.ar\/wp-content\/uploads\/2026\/04\/muerte-ajena-400x284.png 480w\" sizes=\"(max-width:479px) 479px, 100vw\" \/><span data-icon=\"\ue050\" class=\"et_overlay et_pb_inline_icon\"><\/span><\/a><\/div><h2 class=\"entry-title\"><a href=\"https:\/\/deocio.com.ar\/index.php\/2026\/04\/14\/claudia-pineiro-y-el-filo-de-lo-invisible-en-la-muerte-ajena\/\">Claudia Pi\u00f1eiro y el filo de lo invisible en\u00a0\u00abLa muerte ajena\u00bb<\/a><\/h2><p class=\"post-meta\"><span class=\"published\">Abr 14, 2026<\/span> | <span class=\"entry-categories\"><a href=\"https:\/\/deocio.com.ar\/index.php\/category\/libros\/\" rel=\"tag\">Libros<\/a><\/span><\/p><div class=\"post-content\"><div class=\"post-content-inner\"><p>Claudia Pi\u00f1eiro vuelve a meterse en la zona inc\u00f3moda de la realidad con La muerte ajena, una novela que confirma algo que ya no sorprende, pero s\u00ed&#8230;<\/p>\n<\/div><\/div><\/article><article class=\"et_pb_post et_pb_post_id_187 clearfix et_pb_blog_item_0_11 post-187 post type-post status-publish format-standard has-post-thumbnail hentry category-el-ojo-curioso\"><div class=\"et_pb_image_container\"><a href=\"https:\/\/deocio.com.ar\/index.php\/2026\/04\/12\/187\/\" class=\"entry-featured-image-url\"><img loading=\"lazy\" decoding=\"async\" src=\"https:\/\/deocio.com.ar\/wp-content\/uploads\/2026\/04\/Moda-urbana-con-estilo-Adidas.png\" width=\"400\" height=\"284\" alt=\"Adidas,  de liderar lo deportivo a ser tendencia en moda urbana\" class=\"\" srcset=\"https:\/\/deocio.com.ar\/wp-content\/uploads\/2026\/04\/Moda-urbana-con-estilo-Adidas.png 479w, https:\/\/deocio.com.ar\/wp-content\/uploads\/2026\/04\/Moda-urbana-con-estilo-Adidas-400x284.png 480w\" sizes=\"(max-width:479px) 479px, 100vw\" \/><span data-icon=\"\ue050\" class=\"et_overlay et_pb_inline_icon\"><\/span><\/a><\/div><h2 class=\"entry-title\"><a href=\"https:\/\/deocio.com.ar\/index.php\/2026\/04\/12\/187\/\">Adidas,  de liderar lo deportivo a ser tendencia en moda urbana<\/a><\/h2><p class=\"post-meta\"><span class=\"published\">Abr 12, 2026<\/span> | <span class=\"entry-categories\"><a href=\"https:\/\/deocio.com.ar\/index.php\/category\/el-ojo-curioso\/\" rel=\"tag\">El Ojo Curioso<\/a><\/span><\/p><div class=\"post-content\"><div class=\"post-content-inner\"><p>Durante d\u00e9cadas,&nbsp;Adidas&nbsp;fue sin\u00f3nimo de rendimiento. De velocidad. De atletas que romp\u00edan marcas y campa\u00f1as que ol\u00edan a transpiraci\u00f3n y&#8230;<\/p>\n<\/div><\/div><\/article><\/div><\/div><\/div>\n<\/div>\n<\/div>\n\n<div class=\"et_pb_row_2 et_pb_row et_flex_row\">\n<div class=\"et_pb_column_2 et_pb_column et_flex_column et_pb_css_mix_blend_mode_passthrough et_flex_column_8_24 et_flex_column_8_24_tablet et_flex_column_24_24_phone\">\n<div class=\"et_pb_image_0 et_pb_image et_pb_module et_flex_module\"><span class=\"et_pb_image_wrap\"><img loading=\"lazy\" decoding=\"async\" src=\"https:\/\/deocio.com.ar\/wp-content\/uploads\/2026\/04\/cambio-de-aire.png\" title=\"cambio-de-aire\" width=\"1536\" height=\"1024\" srcset=\"https:\/\/deocio.com.ar\/wp-content\/uploads\/2026\/04\/cambio-de-aire.png 1536w, https:\/\/deocio.com.ar\/wp-content\/uploads\/2026\/04\/cambio-de-aire-1280x853.png 1280w, https:\/\/deocio.com.ar\/wp-content\/uploads\/2026\/04\/cambio-de-aire-980x653.png 980w, https:\/\/deocio.com.ar\/wp-content\/uploads\/2026\/04\/cambio-de-aire-480x320.png 480w\" sizes=\"(min-width: 0px) and (max-width: 480px) 480px, (min-width: 481px) and (max-width: 980px) 980px, (min-width: 981px) and (max-width: 1280px) 1280px, (min-width: 1281px) 1536px, 100vw\" class=\"wp-image-340\" \/><\/span><\/div>\n\n<div class=\"et_pb_text_2 et_pb_text et_pb_bg_layout_light et_pb_module et_flex_module\"><div class=\"et_pb_text_inner\"><p>Episodios para escuchar y renovar el aire<\/p>\n<\/div><\/div>\n<\/div>\n\n<div class=\"et_pb_column_3 et_pb_column et_flex_column et_pb_css_mix_blend_mode_passthrough et_flex_column_8_24 et_flex_column_8_24_tablet et_flex_column_24_24_phone\">\n<div class=\"et_pb_image_1 et_pb_image et_pb_module et_flex_module\"><span class=\"et_pb_image_wrap\"><img loading=\"lazy\" decoding=\"async\" src=\"https:\/\/deocio.com.ar\/wp-content\/uploads\/2026\/04\/lasmejores-recetas.png\" title=\"lasmejores-recetas\" width=\"625\" height=\"415\" srcset=\"https:\/\/deocio.com.ar\/wp-content\/uploads\/2026\/04\/lasmejores-recetas.png 625w, https:\/\/deocio.com.ar\/wp-content\/uploads\/2026\/04\/lasmejores-recetas-480x319.png 480w\" sizes=\"(min-width: 0px) and (max-width: 480px) 480px, (min-width: 481px) 625px, 100vw\" class=\"wp-image-339\" \/><\/span><\/div>\n\n<div class=\"et_pb_text_3 et_pb_text et_pb_bg_layout_light et_pb_module et_flex_module\"><div class=\"et_pb_text_inner\"><p>Columnas radiales auspiciadas por Carne Argentina<\/p>\n<\/div><\/div>\n<\/div>\n\n<div class=\"et_pb_column_4 et_pb_column et-last-child et_flex_column et_pb_css_mix_blend_mode_passthrough et_flex_column_8_24 et_flex_column_8_24_tablet et_flex_column_24_24_phone\">\n<div class=\"et_pb_image_2 et_pb_image et_pb_module et_flex_module\"><span class=\"et_pb_image_wrap\"><img loading=\"lazy\" decoding=\"async\" src=\"https:\/\/deocio.com.ar\/wp-content\/uploads\/2026\/04\/youtube-deocio.png\" title=\"youtube-deocio\" width=\"587\" height=\"391\" srcset=\"https:\/\/deocio.com.ar\/wp-content\/uploads\/2026\/04\/youtube-deocio.png 587w, https:\/\/deocio.com.ar\/wp-content\/uploads\/2026\/04\/youtube-deocio-480x320.png 480w\" sizes=\"(min-width: 0px) and (max-width: 480px) 480px, (min-width: 481px) 587px, 100vw\" class=\"wp-image-354\" \/><\/span><\/div>\n\n<div class=\"et_pb_text_4 et_pb_text et_pb_bg_layout_light et_pb_module et_flex_module\"><div class=\"et_pb_text_inner\"><p>DeOcio YOUTUBER<\/p>\n<\/div><\/div>\n<\/div>\n<\/div>\n<\/div>","protected":false},"excerpt":{"rendered":"","protected":false},"author":1,"featured_media":0,"parent":0,"menu_order":0,"comment_status":"closed","ping_status":"closed","template":"","meta":{"_acf_changed":false,"footnotes":""},"class_list":["post-9","page","type-page","status-publish","hentry"],"acf":[],"_links":{"self":[{"href":"https:\/\/deocio.com.ar\/index.php\/wp-json\/wp\/v2\/pages\/9","targetHints":{"allow":["GET"]}}],"collection":[{"href":"https:\/\/deocio.com.ar\/index.php\/wp-json\/wp\/v2\/pages"}],"about":[{"href":"https:\/\/deocio.com.ar\/index.php\/wp-json\/wp\/v2\/types\/page"}],"author":[{"embeddable":true,"href":"https:\/\/deocio.com.ar\/index.php\/wp-json\/wp\/v2\/users\/1"}],"replies":[{"embeddable":true,"href":"https:\/\/deocio.com.ar\/index.php\/wp-json\/wp\/v2\/comments?post=9"}],"version-history":[{"count":29,"href":"https:\/\/deocio.com.ar\/index.php\/wp-json\/wp\/v2\/pages\/9\/revisions"}],"predecessor-version":[{"id":452,"href":"https:\/\/deocio.com.ar\/index.php\/wp-json\/wp\/v2\/pages\/9\/revisions\/452"}],"wp:attachment":[{"href":"https:\/\/deocio.com.ar\/index.php\/wp-json\/wp\/v2\/media?parent=9"}],"curies":[{"name":"wp","href":"https:\/\/api.w.org\/{rel}","templated":true}]}}